{"id":8452,"date":"2026-01-14T16:46:54","date_gmt":"2026-01-14T16:46:54","guid":{"rendered":"https:\/\/noixluxe.ma\/?post_type=product&#038;p=8452"},"modified":"2026-02-23T20:46:38","modified_gmt":"2026-02-23T20:46:38","slug":"slou-traditionnel","status":"publish","type":"product","link":"https:\/\/noixluxe.ma\/ar\/product\/slou-traditionnel\/","title":{"rendered":"Sellou 100% Naturel \u2013 Recette Traditionnelle Marocaine Sans Sucre Ajout\u00e9"},"content":{"rendered":"<p data-start=\"683\" data-end=\"1000\">Notre Sellou 100% naturel est \u00e9labor\u00e9 selon la tradition marocaine, avec une s\u00e9lection rigoureuse d\u2019ingr\u00e9dients de qualit\u00e9. Pr\u00e9par\u00e9 principalement \u00e0 base de farine de bl\u00e9 soigneusement torr\u00e9fi\u00e9e, il ne contient ni huile, ni beurre, ni sucre ajout\u00e9, ce qui en fait une alternative saine aux gourmandises industrielles.<\/p>\n<p data-start=\"1002\" data-end=\"1285\">Riche en \u00e9nergie et en nutriments essentiels, le sellou est reconnu au Maroc pour ses bienfaits nutritifs, notamment pendant le Ramadan ou pour accompagner un mode de vie actif. Sa texture fine et son go\u00fbt authentique offrent un parfait \u00e9quilibre entre plaisir gustatif et bien-\u00eatre.<\/p>\n<p data-start=\"1287\" data-end=\"1326\">Pourquoi choisir notre Sellou naturel ?<\/p>\n<p data-start=\"1330\" data-end=\"1378\">\u2714 Recette traditionnelle marocaine authentique<br \/>\n\u2714 Sans sucre ajout\u00e9<br \/>\n\u2714 Sans huile ni beurre<br \/>\n\u2714 Produit artisanal de qualit\u00e9 premium<br \/>\n\u2714 Id\u00e9al pour le petit-d\u00e9jeuner, les sportifs ou les collations saines<\/p>\n<p data-start=\"1548\" data-end=\"1760\">Chez NoixLuxe, nous mettons l\u2019accent sur la qualit\u00e9, la naturalit\u00e9 et le respect des saveurs d\u2019origine. Notre Sellou est pr\u00e9par\u00e9 avec soin pour pr\u00e9server toute sa richesse nutritionnelle et son go\u00fbt traditionnel.<\/p>\n<p data-start=\"1762\" data-end=\"1900\">Commandez d\u00e8s maintenant votre Sellou 100% naturel sur noixluxe.ma et profitez d\u2019un produit sain, gourmand et authentiquement marocain.<\/p>","protected":false},"excerpt":{"rendered":"<p>D\u00e9couvrez notre Sellou 100% naturel, pr\u00e9par\u00e9 selon une recette marocaine authentique \u00e0 base de farine de bl\u00e9, sans huile, sans beurre et sans sucre ajout\u00e9. Un produit sain, \u00e9nerg\u00e9tique et riche en saveurs traditionnelles, id\u00e9al pour un petit-d\u00e9jeuner \u00e9quilibr\u00e9 ou une collation nutritive.<\/p>","protected":false},"featured_media":8464,"template":"","meta":{"site-sidebar-layout":"default","site-content-layout":"","ast-site-content-layout":"default","site-content-style":"default","site-sidebar-style":"default","ast-global-header-display":"","ast-banner-title-visibility":"","ast-main-header-display":"","ast-hfb-above-header-display":"","ast-hfb-below-header-display":"","ast-hfb-mobile-header-display":"","site-post-title":"","ast-breadcrumbs-content":"","ast-featured-img":"","footer-sml-layout":"","ast-disable-related-posts":"","theme-transparent-header-meta":"default","adv-header-id-meta":"","stick-header-meta":"","header-above-stick-meta":"","header-main-stick-meta":"","header-below-stick-meta":"","astra-migrate-meta-layouts":"set","ast-page-background-enabled":"default","ast-page-background-meta":{"desktop":{"background-color":"var(--ast-global-color-4)","background-image":"","background-repeat":"repeat","background-position":"center center","background-size":"auto","background-attachment":"scroll","background-type":"","background-media":"","overlay-type":"","overlay-color":"","overlay-opacity":"","overlay-gradient":""},"tablet":{"background-color":"","background-image":"","background-repeat":"repeat","background-position":"center center","background-size":"auto","background-attachment":"scroll","background-type":"","background-media":"","overlay-type":"","overlay-color":"","overlay-opacity":"","overlay-gradient":""},"mobile":{"background-color":"","background-image":"","background-repeat":"repeat","background-position":"center center","background-size":"auto","background-attachment":"scroll","background-type":"","background-media":"","overlay-type":"","overlay-color":"","overlay-opacity":"","overlay-gradient":""}},"ast-content-background-meta":{"desktop":{"background-color":"var(--ast-global-color-5)","background-image":"","background-repeat":"repeat","background-position":"center center","background-size":"auto","background-attachment":"scroll","background-type":"","background-media":"","overlay-type":"","overlay-color":"","overlay-opacity":"","overlay-gradient":""},"tablet":{"background-color":"var(--ast-global-color-5)","background-image":"","background-repeat":"repeat","background-position":"center center","background-size":"auto","background-attachment":"scroll","background-type":"","background-media":"","overlay-type":"","overlay-color":"","overlay-opacity":"","overlay-gradient":""},"mobile":{"background-color":"var(--ast-global-color-5)","background-image":"","background-repeat":"repeat","background-position":"center center","background-size":"auto","background-attachment":"scroll","background-type":"","background-media":"","overlay-type":"","overlay-color":"","overlay-opacity":"","overlay-gradient":""}}},"product_brand":[],"product_cat":[61],"product_tag":[],"class_list":{"0":"post-8452","1":"product","2":"type-product","3":"status-publish","4":"has-post-thumbnail","6":"product_cat-traditionnel","7":"desktop-align-center","8":"tablet-align-center","9":"mobile-align-center","11":"first","12":"instock","13":"featured","14":"shipping-taxable","15":"purchasable","16":"product-type-simple"},"_links":{"self":[{"href":"https:\/\/noixluxe.ma\/ar\/wp-json\/wp\/v2\/product\/8452","targetHints":{"allow":["GET"]}}],"collection":[{"href":"https:\/\/noixluxe.ma\/ar\/wp-json\/wp\/v2\/product"}],"about":[{"href":"https:\/\/noixluxe.ma\/ar\/wp-json\/wp\/v2\/types\/product"}],"version-history":[{"count":11,"href":"https:\/\/noixluxe.ma\/ar\/wp-json\/wp\/v2\/product\/8452\/revisions"}],"predecessor-version":[{"id":8656,"href":"https:\/\/noixluxe.ma\/ar\/wp-json\/wp\/v2\/product\/8452\/revisions\/8656"}],"wp:featuredmedia":[{"embeddable":true,"href":"https:\/\/noixluxe.ma\/ar\/wp-json\/wp\/v2\/media\/8464"}],"wp:attachment":[{"href":"https:\/\/noixluxe.ma\/ar\/wp-json\/wp\/v2\/media?parent=8452"}],"wp:term":[{"taxonomy":"product_brand","embeddable":true,"href":"https:\/\/noixluxe.ma\/ar\/wp-json\/wp\/v2\/product_brand?post=8452"},{"taxonomy":"product_cat","embeddable":true,"href":"https:\/\/noixluxe.ma\/ar\/wp-json\/wp\/v2\/product_cat?post=8452"},{"taxonomy":"product_tag","embeddable":true,"href":"https:\/\/noixluxe.ma\/ar\/wp-json\/wp\/v2\/product_tag?post=8452"}],"curies":[{"name":"wp","href":"https:\/\/api.w.org\/{rel}","templated":true}]}}