{"id":8483,"date":"2026-01-16T16:01:42","date_gmt":"2026-01-16T16:01:42","guid":{"rendered":"https:\/\/noixluxe.ma\/?post_type=product&#038;p=8483"},"modified":"2026-02-23T22:57:34","modified_gmt":"2026-02-23T22:57:34","slug":"boules-denergie","status":"publish","type":"product","link":"https:\/\/noixluxe.ma\/ar\/product\/boules-denergie\/","title":{"rendered":"Boules d\u2019\u00c9nergie NoixLuxe \u2013 Force et Gourmandise Naturelle"},"content":{"rendered":"<p data-start=\"438\" data-end=\"701\">Les Boules d\u2019\u00e9nergie NoixLuxe sont con\u00e7ues pour apporter \u00e0 la fois plaisir et vitalit\u00e9. Pr\u00e9par\u00e9es avec des ingr\u00e9dients naturels de qualit\u00e9, elles offrent un concentr\u00e9 de saveurs et de nutriments essentiels pour soutenir votre \u00e9nergie tout au long de la journ\u00e9e.<\/p>\n<p data-start=\"703\" data-end=\"721\">Parfaites pour :<\/p>\n<ul data-start=\"722\" data-end=\"869\">\n<li data-start=\"722\" data-end=\"755\">\n<p data-start=\"724\" data-end=\"755\">Une collation rapide et saine<\/p>\n<\/li>\n<li data-start=\"756\" data-end=\"815\">\n<p data-start=\"758\" data-end=\"815\">Accompagner vos s\u00e9ances de sport ou activit\u00e9s physiques<\/p>\n<\/li>\n<li data-start=\"816\" data-end=\"869\">\n<p data-start=\"818\" data-end=\"869\">Compl\u00e9ter un petit-d\u00e9jeuner ou un go\u00fbter nutritif<\/p>\n<\/li>\n<\/ul>\n<p data-start=\"871\" data-end=\"921\">Pourquoi choisir les Boules d\u2019\u00e9nergie NoixLuxe ?<\/p>\n<ul data-start=\"922\" data-end=\"1085\">\n<li data-start=\"922\" data-end=\"951\">\n<p data-start=\"924\" data-end=\"951\">Ingr\u00e9dients 100% naturels<\/p>\n<\/li>\n<li data-start=\"952\" data-end=\"1000\">\n<p data-start=\"954\" data-end=\"1000\">Source d\u2019\u00e9nergie et de nutriments essentiels<\/p>\n<\/li>\n<li data-start=\"1001\" data-end=\"1041\">\n<p data-start=\"1003\" data-end=\"1041\">Saveur gourmande et texture agr\u00e9able<\/p>\n<\/li>\n<li data-start=\"1042\" data-end=\"1085\">\n<p data-start=\"1044\" data-end=\"1085\">Id\u00e9al pour un mode de vie actif et sain<\/p>\n<\/li>\n<\/ul>\n<p data-start=\"1087\" data-end=\"1253\">Commandez vos Boules d\u2019\u00e9nergie sur <strong data-start=\"1122\" data-end=\"1137\">noixluxe.ma<\/strong> et profitez d\u2019un produit naturel qui allie gourmandise et performance pour vos collations et moments de vitalit\u00e9.<\/p>","protected":false},"excerpt":{"rendered":"<p>D\u00e9couvrez les Boules d\u2019\u00e9nergie NoixLuxe, un concentr\u00e9 naturel de force et de gourmandise. Id\u00e9ales pour une collation saine, elles allient saveurs d\u00e9licieuses et \u00e9nergie pour soutenir votre quotidien.<\/p>","protected":false},"featured_media":8463,"template":"","meta":{"site-sidebar-layout":"default","site-content-layout":"","ast-site-content-layout":"default","site-content-style":"default","site-sidebar-style":"default","ast-global-header-display":"","ast-banner-title-visibility":"","ast-main-header-display":"","ast-hfb-above-header-display":"","ast-hfb-below-header-display":"","ast-hfb-mobile-header-display":"","site-post-title":"","ast-breadcrumbs-content":"","ast-featured-img":"","footer-sml-layout":"","ast-disable-related-posts":"","theme-transparent-header-meta":"default","adv-header-id-meta":"","stick-header-meta":"","header-above-stick-meta":"","header-main-stick-meta":"","header-below-stick-meta":"","astra-migrate-meta-layouts":"set","ast-page-background-enabled":"default","ast-page-background-meta":{"desktop":{"background-color":"var(--ast-global-color-4)","background-image":"","background-repeat":"repeat","background-position":"center center","background-size":"auto","background-attachment":"scroll","background-type":"","background-media":"","overlay-type":"","overlay-color":"","overlay-opacity":"","overlay-gradient":""},"tablet":{"background-color":"","background-image":"","background-repeat":"repeat","background-position":"center center","background-size":"auto","background-attachment":"scroll","background-type":"","background-media":"","overlay-type":"","overlay-color":"","overlay-opacity":"","overlay-gradient":""},"mobile":{"background-color":"","background-image":"","background-repeat":"repeat","background-position":"center center","background-size":"auto","background-attachment":"scroll","background-type":"","background-media":"","overlay-type":"","overlay-color":"","overlay-opacity":"","overlay-gradient":""}},"ast-content-background-meta":{"desktop":{"background-color":"var(--ast-global-color-5)","background-image":"","background-repeat":"repeat","background-position":"center center","background-size":"auto","background-attachment":"scroll","background-type":"","background-media":"","overlay-type":"","overlay-color":"","overlay-opacity":"","overlay-gradient":""},"tablet":{"background-color":"var(--ast-global-color-5)","background-image":"","background-repeat":"repeat","background-position":"center center","background-size":"auto","background-attachment":"scroll","background-type":"","background-media":"","overlay-type":"","overlay-color":"","overlay-opacity":"","overlay-gradient":""},"mobile":{"background-color":"var(--ast-global-color-5)","background-image":"","background-repeat":"repeat","background-position":"center center","background-size":"auto","background-attachment":"scroll","background-type":"","background-media":"","overlay-type":"","overlay-color":"","overlay-opacity":"","overlay-gradient":""}}},"product_brand":[],"product_cat":[52],"product_tag":[],"class_list":{"0":"post-8483","1":"product","2":"type-product","3":"status-publish","4":"has-post-thumbnail","6":"product_cat-boules-denergie","7":"desktop-align-center","8":"tablet-align-center","9":"mobile-align-center","11":"first","12":"instock","13":"featured","14":"shipping-taxable","15":"purchasable","16":"product-type-simple"},"_links":{"self":[{"href":"https:\/\/noixluxe.ma\/ar\/wp-json\/wp\/v2\/product\/8483","targetHints":{"allow":["GET"]}}],"collection":[{"href":"https:\/\/noixluxe.ma\/ar\/wp-json\/wp\/v2\/product"}],"about":[{"href":"https:\/\/noixluxe.ma\/ar\/wp-json\/wp\/v2\/types\/product"}],"version-history":[{"count":3,"href":"https:\/\/noixluxe.ma\/ar\/wp-json\/wp\/v2\/product\/8483\/revisions"}],"predecessor-version":[{"id":8674,"href":"https:\/\/noixluxe.ma\/ar\/wp-json\/wp\/v2\/product\/8483\/revisions\/8674"}],"wp:featuredmedia":[{"embeddable":true,"href":"https:\/\/noixluxe.ma\/ar\/wp-json\/wp\/v2\/media\/8463"}],"wp:attachment":[{"href":"https:\/\/noixluxe.ma\/ar\/wp-json\/wp\/v2\/media?parent=8483"}],"wp:term":[{"taxonomy":"product_brand","embeddable":true,"href":"https:\/\/noixluxe.ma\/ar\/wp-json\/wp\/v2\/product_brand?post=8483"},{"taxonomy":"product_cat","embeddable":true,"href":"https:\/\/noixluxe.ma\/ar\/wp-json\/wp\/v2\/product_cat?post=8483"},{"taxonomy":"product_tag","embeddable":true,"href":"https:\/\/noixluxe.ma\/ar\/wp-json\/wp\/v2\/product_tag?post=8483"}],"curies":[{"name":"wp","href":"https:\/\/api.w.org\/{rel}","templated":true}]}}