{"id":8484,"date":"2026-01-16T16:03:33","date_gmt":"2026-01-16T16:03:33","guid":{"rendered":"https:\/\/noixluxe.ma\/?post_type=product&#038;p=8484"},"modified":"2026-02-23T22:55:50","modified_gmt":"2026-02-23T22:55:50","slug":"pack-gourmand","status":"publish","type":"product","link":"https:\/\/noixluxe.ma\/ar\/product\/pack-gourmand\/","title":{"rendered":"Pack Amlou Gourmand \u2013 Miel Naturel et Amlou aux Amandes, Pistaches et Cacahu\u00e8tes"},"content":{"rendered":"<p data-start=\"497\" data-end=\"702\">Notre Pack Amlou Gourmand r\u00e9unit le meilleur des saveurs traditionnelles marocaines dans un coffret pratique et savoureux. Chaque pot est \u00e9labor\u00e9 avec soin \u00e0 partir d\u2019ingr\u00e9dients naturels et de qualit\u00e9 :<\/p>\n<ul data-start=\"704\" data-end=\"879\">\n<li data-start=\"704\" data-end=\"747\">\n<p data-start=\"706\" data-end=\"747\"><strong data-start=\"706\" data-end=\"722\">Miel naturel<\/strong> : pur et riche en go\u00fbt<\/p>\n<\/li>\n<li data-start=\"748\" data-end=\"791\">\n<p data-start=\"750\" data-end=\"791\"><strong data-start=\"750\" data-end=\"766\">Amlou amande<\/strong> : gourmand et nutritif<\/p>\n<\/li>\n<li data-start=\"792\" data-end=\"835\">\n<p data-start=\"794\" data-end=\"835\"><strong data-start=\"794\" data-end=\"812\">Amlou pistache<\/strong> : d\u00e9licat et raffin\u00e9<\/p>\n<\/li>\n<li data-start=\"836\" data-end=\"879\">\n<p data-start=\"838\" data-end=\"879\"><strong data-start=\"838\" data-end=\"857\">Amlou cacahu\u00e8te<\/strong> : doux et savoureux<\/p>\n<\/li>\n<\/ul>\n<p data-start=\"881\" data-end=\"1110\">Ce pack est parfait pour enrichir vos tartines, smoothies, yaourts ou desserts tout en profitant des bienfaits des fruits secs et du miel. Il constitue aussi une excellente id\u00e9e cadeau pour les amateurs de saveurs authentiques.<\/p>\n<p data-start=\"1112\" data-end=\"1164\">Pourquoi choisir le Pack Amlou Gourmand NoixLuxe ?<\/p>\n<ul data-start=\"1165\" data-end=\"1404\">\n<li data-start=\"1165\" data-end=\"1216\">\n<p data-start=\"1167\" data-end=\"1216\">Ingr\u00e9dients 100% naturels et de qualit\u00e9 premium<\/p>\n<\/li>\n<li data-start=\"1217\" data-end=\"1252\">\n<p data-start=\"1219\" data-end=\"1252\">Saveurs authentiques marocaines<\/p>\n<\/li>\n<li data-start=\"1253\" data-end=\"1298\">\n<p data-start=\"1255\" data-end=\"1298\">Riche en \u00e9nergie et nutriments essentiels<\/p>\n<\/li>\n<li data-start=\"1299\" data-end=\"1363\">\n<p data-start=\"1301\" data-end=\"1363\">Id\u00e9al pour petits-d\u00e9jeuners, collations ou cadeaux gourmands<\/p>\n<\/li>\n<li data-start=\"1364\" data-end=\"1404\">\n<p data-start=\"1366\" data-end=\"1404\">Coffret pratique et pr\u00eat \u00e0 consommer<\/p>\n<\/li>\n<\/ul>\n<p data-start=\"1406\" data-end=\"1573\">Commandez d\u00e8s maintenant votre Pack Amlou Gourmand sur <strong data-start=\"1461\" data-end=\"1476\">noixluxe.ma<\/strong> et d\u00e9couvrez un concentr\u00e9 de saveurs traditionnelles et naturelles pour vos moments gourmands.<\/p>","protected":false},"excerpt":{"rendered":"<p>D\u00e9couvrez notre Pack Amlou Gourmand, un concentr\u00e9 de saveurs authentiques compos\u00e9 de miel naturel et de diff\u00e9rentes variantes d\u2019Amlou : amande, pistache et cacahu\u00e8te. Id\u00e9al pour des tartines, desserts ou collations gourmandes et saines.<\/p>","protected":false},"featured_media":8603,"template":"","meta":{"site-sidebar-layout":"default","site-content-layout":"","ast-site-content-layout":"default","site-content-style":"default","site-sidebar-style":"default","ast-global-header-display":"","ast-banner-title-visibility":"","ast-main-header-display":"","ast-hfb-above-header-display":"","ast-hfb-below-header-display":"","ast-hfb-mobile-header-display":"","site-post-title":"","ast-breadcrumbs-content":"","ast-featured-img":"","footer-sml-layout":"","ast-disable-related-posts":"","theme-transparent-header-meta":"default","adv-header-id-meta":"","stick-header-meta":"","header-above-stick-meta":"","header-main-stick-meta":"","header-below-stick-meta":"","astra-migrate-meta-layouts":"set","ast-page-background-enabled":"default","ast-page-background-meta":{"desktop":{"background-color":"var(--ast-global-color-4)","background-image":"","background-repeat":"repeat","background-position":"center center","background-size":"auto","background-attachment":"scroll","background-type":"","background-media":"","overlay-type":"","overlay-color":"","overlay-opacity":"","overlay-gradient":""},"tablet":{"background-color":"","background-image":"","background-repeat":"repeat","background-position":"center center","background-size":"auto","background-attachment":"scroll","background-type":"","background-media":"","overlay-type":"","overlay-color":"","overlay-opacity":"","overlay-gradient":""},"mobile":{"background-color":"","background-image":"","background-repeat":"repeat","background-position":"center center","background-size":"auto","background-attachment":"scroll","background-type":"","background-media":"","overlay-type":"","overlay-color":"","overlay-opacity":"","overlay-gradient":""}},"ast-content-background-meta":{"desktop":{"background-color":"var(--ast-global-color-5)","background-image":"","background-repeat":"repeat","background-position":"center center","background-size":"auto","background-attachment":"scroll","background-type":"","background-media":"","overlay-type":"","overlay-color":"","overlay-opacity":"","overlay-gradient":""},"tablet":{"background-color":"var(--ast-global-color-5)","background-image":"","background-repeat":"repeat","background-position":"center center","background-size":"auto","background-attachment":"scroll","background-type":"","background-media":"","overlay-type":"","overlay-color":"","overlay-opacity":"","overlay-gradient":""},"mobile":{"background-color":"var(--ast-global-color-5)","background-image":"","background-repeat":"repeat","background-position":"center center","background-size":"auto","background-attachment":"scroll","background-type":"","background-media":"","overlay-type":"","overlay-color":"","overlay-opacity":"","overlay-gradient":""}}},"product_brand":[],"product_cat":[53],"product_tag":[],"class_list":{"0":"post-8484","1":"product","2":"type-product","3":"status-publish","4":"has-post-thumbnail","6":"product_cat-amlou","7":"desktop-align-center","8":"tablet-align-center","9":"mobile-align-center","11":"first","12":"instock","13":"sale","14":"featured","15":"shipping-taxable","16":"purchasable","17":"product-type-simple"},"_links":{"self":[{"href":"https:\/\/noixluxe.ma\/ar\/wp-json\/wp\/v2\/product\/8484","targetHints":{"allow":["GET"]}}],"collection":[{"href":"https:\/\/noixluxe.ma\/ar\/wp-json\/wp\/v2\/product"}],"about":[{"href":"https:\/\/noixluxe.ma\/ar\/wp-json\/wp\/v2\/types\/product"}],"version-history":[{"count":3,"href":"https:\/\/noixluxe.ma\/ar\/wp-json\/wp\/v2\/product\/8484\/revisions"}],"predecessor-version":[{"id":8672,"href":"https:\/\/noixluxe.ma\/ar\/wp-json\/wp\/v2\/product\/8484\/revisions\/8672"}],"wp:featuredmedia":[{"embeddable":true,"href":"https:\/\/noixluxe.ma\/ar\/wp-json\/wp\/v2\/media\/8603"}],"wp:attachment":[{"href":"https:\/\/noixluxe.ma\/ar\/wp-json\/wp\/v2\/media?parent=8484"}],"wp:term":[{"taxonomy":"product_brand","embeddable":true,"href":"https:\/\/noixluxe.ma\/ar\/wp-json\/wp\/v2\/product_brand?post=8484"},{"taxonomy":"product_cat","embeddable":true,"href":"https:\/\/noixluxe.ma\/ar\/wp-json\/wp\/v2\/product_cat?post=8484"},{"taxonomy":"product_tag","embeddable":true,"href":"https:\/\/noixluxe.ma\/ar\/wp-json\/wp\/v2\/product_tag?post=8484"}],"curies":[{"name":"wp","href":"https:\/\/api.w.org\/{rel}","templated":true}]}}