{"id":8485,"date":"2026-01-16T16:06:24","date_gmt":"2026-01-16T16:06:24","guid":{"rendered":"https:\/\/noixluxe.ma\/?post_type=product&#038;p=8485"},"modified":"2026-02-23T23:18:53","modified_gmt":"2026-02-23T23:18:53","slug":"miel-100-bio","status":"publish","type":"product","link":"https:\/\/noixluxe.ma\/ar\/product\/miel-100-bio\/","title":{"rendered":"Miel 100% Bio \u2013 Go\u00fbt Authentique et Naturel (200g)"},"content":{"rendered":"<p data-start=\"433\" data-end=\"681\">Notre miel 100% bio est r\u00e9colt\u00e9 avec soin pour conserver toutes ses propri\u00e9t\u00e9s naturelles et son go\u00fbt authentique. Pur et naturel, il est riche en nutriments essentiels et antioxydants, et constitue un excellent alli\u00e9 pour une alimentation saine.<\/p>\n<p data-start=\"683\" data-end=\"709\">Id\u00e9al pour accompagner :<\/p>\n<ul data-start=\"710\" data-end=\"881\">\n<li data-start=\"710\" data-end=\"760\">\n<p data-start=\"712\" data-end=\"760\">Boissons chaudes comme le th\u00e9 ou les infusions<\/p>\n<\/li>\n<li data-start=\"761\" data-end=\"805\">\n<p data-start=\"763\" data-end=\"805\">Tartines, pancakes et p\u00e2tisseries maison<\/p>\n<\/li>\n<li data-start=\"806\" data-end=\"840\">\n<p data-start=\"808\" data-end=\"840\">Yaourts, smoothies et desserts<\/p>\n<\/li>\n<li data-start=\"841\" data-end=\"881\">\n<p data-start=\"843\" data-end=\"881\">Une alimentation saine et \u00e9quilibr\u00e9e<\/p>\n<\/li>\n<\/ul>\n<p data-start=\"883\" data-end=\"929\">Pourquoi choisir le miel 100% bio NoixLuxe ?<\/p>\n<ul data-start=\"930\" data-end=\"1158\">\n<li data-start=\"930\" data-end=\"969\">\n<p data-start=\"932\" data-end=\"969\">100% naturel et certifi\u00e9 biologique<\/p>\n<\/li>\n<li data-start=\"970\" data-end=\"1010\">\n<p data-start=\"972\" data-end=\"1010\">Go\u00fbt authentique et riche en saveurs<\/p>\n<\/li>\n<li data-start=\"1011\" data-end=\"1059\">\n<p data-start=\"1013\" data-end=\"1059\">Source d\u2019\u00e9nergie naturelle et d\u2019antioxydants<\/p>\n<\/li>\n<li data-start=\"1060\" data-end=\"1108\">\n<p data-start=\"1062\" data-end=\"1108\">Id\u00e9al pour sucrer sainement vos pr\u00e9parations<\/p>\n<\/li>\n<li data-start=\"1109\" data-end=\"1158\">\n<p data-start=\"1111\" data-end=\"1158\">Produit de qualit\u00e9 premium, r\u00e9colt\u00e9 avec soin<\/p>\n<\/li>\n<\/ul>\n<p data-start=\"1160\" data-end=\"1325\">Commandez d\u00e8s maintenant votre miel bio sur <strong data-start=\"1204\" data-end=\"1219\">noixluxe.ma<\/strong> et profitez d\u2019un produit naturel, pur et savoureux, qui respecte la tradition et les bienfaits du miel.<\/p>","protected":false},"excerpt":{"rendered":"<p>D\u00e9couvrez notre miel 100% bio, pur et naturel, au go\u00fbt authentique. Id\u00e9al pour sucrer naturellement vos boissons, tartines, desserts ou pour profiter de ses bienfaits nutritionnels et \u00e9nerg\u00e9tiques au quotidien.<\/p>","protected":false},"featured_media":8454,"template":"","meta":{"site-sidebar-layout":"default","site-content-layout":"","ast-site-content-layout":"default","site-content-style":"default","site-sidebar-style":"default","ast-global-header-display":"","ast-banner-title-visibility":"","ast-main-header-display":"","ast-hfb-above-header-display":"","ast-hfb-below-header-display":"","ast-hfb-mobile-header-display":"","site-post-title":"","ast-breadcrumbs-content":"","ast-featured-img":"","footer-sml-layout":"","ast-disable-related-posts":"","theme-transparent-header-meta":"default","adv-header-id-meta":"","stick-header-meta":"","header-above-stick-meta":"","header-main-stick-meta":"","header-below-stick-meta":"","astra-migrate-meta-layouts":"set","ast-page-background-enabled":"default","ast-page-background-meta":{"desktop":{"background-color":"var(--ast-global-color-4)","background-image":"","background-repeat":"repeat","background-position":"center center","background-size":"auto","background-attachment":"scroll","background-type":"","background-media":"","overlay-type":"","overlay-color":"","overlay-opacity":"","overlay-gradient":""},"tablet":{"background-color":"","background-image":"","background-repeat":"repeat","background-position":"center center","background-size":"auto","background-attachment":"scroll","background-type":"","background-media":"","overlay-type":"","overlay-color":"","overlay-opacity":"","overlay-gradient":""},"mobile":{"background-color":"","background-image":"","background-repeat":"repeat","background-position":"center center","background-size":"auto","background-attachment":"scroll","background-type":"","background-media":"","overlay-type":"","overlay-color":"","overlay-opacity":"","overlay-gradient":""}},"ast-content-background-meta":{"desktop":{"background-color":"var(--ast-global-color-5)","background-image":"","background-repeat":"repeat","background-position":"center center","background-size":"auto","background-attachment":"scroll","background-type":"","background-media":"","overlay-type":"","overlay-color":"","overlay-opacity":"","overlay-gradient":""},"tablet":{"background-color":"var(--ast-global-color-5)","background-image":"","background-repeat":"repeat","background-position":"center center","background-size":"auto","background-attachment":"scroll","background-type":"","background-media":"","overlay-type":"","overlay-color":"","overlay-opacity":"","overlay-gradient":""},"mobile":{"background-color":"var(--ast-global-color-5)","background-image":"","background-repeat":"repeat","background-position":"center center","background-size":"auto","background-attachment":"scroll","background-type":"","background-media":"","overlay-type":"","overlay-color":"","overlay-opacity":"","overlay-gradient":""}}},"product_brand":[],"product_cat":[55],"product_tag":[],"class_list":{"0":"post-8485","1":"product","2":"type-product","3":"status-publish","4":"has-post-thumbnail","6":"product_cat-miel","7":"desktop-align-center","8":"tablet-align-center","9":"mobile-align-center","11":"first","12":"instock","13":"featured","14":"shipping-taxable","15":"purchasable","16":"product-type-simple"},"_links":{"self":[{"href":"https:\/\/noixluxe.ma\/ar\/wp-json\/wp\/v2\/product\/8485","targetHints":{"allow":["GET"]}}],"collection":[{"href":"https:\/\/noixluxe.ma\/ar\/wp-json\/wp\/v2\/product"}],"about":[{"href":"https:\/\/noixluxe.ma\/ar\/wp-json\/wp\/v2\/types\/product"}],"version-history":[{"count":4,"href":"https:\/\/noixluxe.ma\/ar\/wp-json\/wp\/v2\/product\/8485\/revisions"}],"predecessor-version":[{"id":8486,"href":"https:\/\/noixluxe.ma\/ar\/wp-json\/wp\/v2\/product\/8485\/revisions\/8486"}],"wp:featuredmedia":[{"embeddable":true,"href":"https:\/\/noixluxe.ma\/ar\/wp-json\/wp\/v2\/media\/8454"}],"wp:attachment":[{"href":"https:\/\/noixluxe.ma\/ar\/wp-json\/wp\/v2\/media?parent=8485"}],"wp:term":[{"taxonomy":"product_brand","embeddable":true,"href":"https:\/\/noixluxe.ma\/ar\/wp-json\/wp\/v2\/product_brand?post=8485"},{"taxonomy":"product_cat","embeddable":true,"href":"https:\/\/noixluxe.ma\/ar\/wp-json\/wp\/v2\/product_cat?post=8485"},{"taxonomy":"product_tag","embeddable":true,"href":"https:\/\/noixluxe.ma\/ar\/wp-json\/wp\/v2\/product_tag?post=8485"}],"curies":[{"name":"wp","href":"https:\/\/api.w.org\/{rel}","templated":true}]}}