{"id":8487,"date":"2026-01-16T16:07:58","date_gmt":"2026-01-16T16:07:58","guid":{"rendered":"https:\/\/noixluxe.ma\/?post_type=product&#038;p=8487"},"modified":"2026-02-23T23:23:23","modified_gmt":"2026-02-23T23:23:23","slug":"8487","status":"publish","type":"product","link":"https:\/\/noixluxe.ma\/ar\/product\/8487\/","title":{"rendered":"Granola Artisanal 100% Naturel \u2013 Flocons d\u2019Avoine, Fruits Secs et Graines"},"content":{"rendered":"<p data-start=\"516\" data-end=\"753\">Notre granola artisanal est con\u00e7u pour offrir une exp\u00e9rience gourmande et saine. Compos\u00e9 d\u2019un m\u00e9lange soigneusement s\u00e9lectionn\u00e9 de flocons d\u2019avoine, de fruits secs et de graines, il est croustillant, nutritif et parfaitement \u00e9quilibr\u00e9.<\/p>\n<p data-start=\"755\" data-end=\"1024\">100% naturel, ce granola est riche en fibres et en \u00e9nergie, ce qui en fait un alli\u00e9 id\u00e9al pour bien d\u00e9marrer la journ\u00e9e ou pour une collation saine \u00e0 tout moment. Sans conservateurs ni additifs artificiels, il respecte la qualit\u00e9 et le go\u00fbt authentique des ingr\u00e9dients.<\/p>\n<p data-start=\"1026\" data-end=\"1047\">Id\u00e9al \u00e0 consommer :<\/p>\n<ul data-start=\"1048\" data-end=\"1203\">\n<li data-start=\"1048\" data-end=\"1107\">\n<p data-start=\"1050\" data-end=\"1107\">Au petit-d\u00e9jeuner avec lait, yaourt ou boisson v\u00e9g\u00e9tale<\/p>\n<\/li>\n<li data-start=\"1108\" data-end=\"1146\">\n<p data-start=\"1110\" data-end=\"1146\">Dans les smoothies ou bols healthy<\/p>\n<\/li>\n<li data-start=\"1147\" data-end=\"1203\">\n<p data-start=\"1149\" data-end=\"1203\">En collation gourmande pour faire le plein d\u2019\u00e9nergie<\/p>\n<\/li>\n<\/ul>\n<p data-start=\"1205\" data-end=\"1248\">Pourquoi choisir notre granola NoixLuxe ?<\/p>\n<ul data-start=\"1249\" data-end=\"1466\">\n<li data-start=\"1249\" data-end=\"1278\">\n<p data-start=\"1251\" data-end=\"1278\">100% naturel et artisanal<\/p>\n<\/li>\n<li data-start=\"1279\" data-end=\"1312\">\n<p data-start=\"1281\" data-end=\"1312\">Riche en fibres et en \u00e9nergie<\/p>\n<\/li>\n<li data-start=\"1313\" data-end=\"1347\">\n<p data-start=\"1315\" data-end=\"1347\">Sans conservateurs ni additifs<\/p>\n<\/li>\n<li data-start=\"1348\" data-end=\"1413\">\n<p data-start=\"1350\" data-end=\"1413\">M\u00e9lange \u00e9quilibr\u00e9 de flocons d\u2019avoine, fruits secs et graines<\/p>\n<\/li>\n<li data-start=\"1414\" data-end=\"1466\">\n<p data-start=\"1416\" data-end=\"1466\">Parfait pour une alimentation saine et gourmande<\/p>\n<\/li>\n<\/ul>\n<p data-start=\"1468\" data-end=\"1628\">Commandez votre granola artisanal sur <strong data-start=\"1506\" data-end=\"1521\">noixluxe.ma<\/strong> et savourez un produit naturel, croustillant et g\u00e9n\u00e9reux pour vos petits-d\u00e9jeuners et pauses gourmandes.<\/p>","protected":false},"excerpt":{"rendered":"<p>D\u00e9couvrez notre granola artisanal 100% naturel, croustillant et g\u00e9n\u00e9reux, pr\u00e9par\u00e9 avec un m\u00e9lange \u00e9quilibr\u00e9 de flocons d\u2019avoine, fruits secs et graines. Riche en fibres et en \u00e9nergie, il constitue un petit-d\u00e9jeuner sain ou une pause gourmande, sans conservateurs.<\/p>","protected":false},"featured_media":8488,"template":"","meta":{"site-sidebar-layout":"default","site-content-layout":"","ast-site-content-layout":"default","site-content-style":"default","site-sidebar-style":"default","ast-global-header-display":"","ast-banner-title-visibility":"","ast-main-header-display":"","ast-hfb-above-header-display":"","ast-hfb-below-header-display":"","ast-hfb-mobile-header-display":"","site-post-title":"","ast-breadcrumbs-content":"","ast-featured-img":"","footer-sml-layout":"","ast-disable-related-posts":"","theme-transparent-header-meta":"default","adv-header-id-meta":"","stick-header-meta":"","header-above-stick-meta":"","header-main-stick-meta":"","header-below-stick-meta":"","astra-migrate-meta-layouts":"set","ast-page-background-enabled":"default","ast-page-background-meta":{"desktop":{"background-color":"var(--ast-global-color-4)","background-image":"","background-repeat":"repeat","background-position":"center center","background-size":"auto","background-attachment":"scroll","background-type":"","background-media":"","overlay-type":"","overlay-color":"","overlay-opacity":"","overlay-gradient":""},"tablet":{"background-color":"","background-image":"","background-repeat":"repeat","background-position":"center center","background-size":"auto","background-attachment":"scroll","background-type":"","background-media":"","overlay-type":"","overlay-color":"","overlay-opacity":"","overlay-gradient":""},"mobile":{"background-color":"","background-image":"","background-repeat":"repeat","background-position":"center center","background-size":"auto","background-attachment":"scroll","background-type":"","background-media":"","overlay-type":"","overlay-color":"","overlay-opacity":"","overlay-gradient":""}},"ast-content-background-meta":{"desktop":{"background-color":"var(--ast-global-color-5)","background-image":"","background-repeat":"repeat","background-position":"center center","background-size":"auto","background-attachment":"scroll","background-type":"","background-media":"","overlay-type":"","overlay-color":"","overlay-opacity":"","overlay-gradient":""},"tablet":{"background-color":"var(--ast-global-color-5)","background-image":"","background-repeat":"repeat","background-position":"center center","background-size":"auto","background-attachment":"scroll","background-type":"","background-media":"","overlay-type":"","overlay-color":"","overlay-opacity":"","overlay-gradient":""},"mobile":{"background-color":"var(--ast-global-color-5)","background-image":"","background-repeat":"repeat","background-position":"center center","background-size":"auto","background-attachment":"scroll","background-type":"","background-media":"","overlay-type":"","overlay-color":"","overlay-opacity":"","overlay-gradient":""}}},"product_brand":[],"product_cat":[56],"product_tag":[],"class_list":{"0":"post-8487","1":"product","2":"type-product","3":"status-publish","4":"has-post-thumbnail","6":"product_cat-granola","7":"desktop-align-center","8":"tablet-align-center","9":"mobile-align-center","11":"first","12":"instock","13":"featured","14":"shipping-taxable","15":"purchasable","16":"product-type-variable"},"_links":{"self":[{"href":"https:\/\/noixluxe.ma\/ar\/wp-json\/wp\/v2\/product\/8487","targetHints":{"allow":["GET"]}}],"collection":[{"href":"https:\/\/noixluxe.ma\/ar\/wp-json\/wp\/v2\/product"}],"about":[{"href":"https:\/\/noixluxe.ma\/ar\/wp-json\/wp\/v2\/types\/product"}],"version-history":[{"count":3,"href":"https:\/\/noixluxe.ma\/ar\/wp-json\/wp\/v2\/product\/8487\/revisions"}],"predecessor-version":[{"id":8669,"href":"https:\/\/noixluxe.ma\/ar\/wp-json\/wp\/v2\/product\/8487\/revisions\/8669"}],"wp:featuredmedia":[{"embeddable":true,"href":"https:\/\/noixluxe.ma\/ar\/wp-json\/wp\/v2\/media\/8488"}],"wp:attachment":[{"href":"https:\/\/noixluxe.ma\/ar\/wp-json\/wp\/v2\/media?parent=8487"}],"wp:term":[{"taxonomy":"product_brand","embeddable":true,"href":"https:\/\/noixluxe.ma\/ar\/wp-json\/wp\/v2\/product_brand?post=8487"},{"taxonomy":"product_cat","embeddable":true,"href":"https:\/\/noixluxe.ma\/ar\/wp-json\/wp\/v2\/product_cat?post=8487"},{"taxonomy":"product_tag","embeddable":true,"href":"https:\/\/noixluxe.ma\/ar\/wp-json\/wp\/v2\/product_tag?post=8487"}],"curies":[{"name":"wp","href":"https:\/\/api.w.org\/{rel}","templated":true}]}}