{"id":8563,"date":"2026-01-18T14:06:23","date_gmt":"2026-01-18T14:06:23","guid":{"rendered":"https:\/\/noixluxe.ma\/?post_type=product&#038;p=8563"},"modified":"2026-02-23T22:49:08","modified_gmt":"2026-02-23T22:49:08","slug":"graines-de-lin-100-naturelles","status":"publish","type":"product","link":"https:\/\/noixluxe.ma\/ar\/product\/graines-de-lin-100-naturelles\/","title":{"rendered":"Graines de Lin 100% Naturelles \u2013 Riches en Fibres et Om\u00e9ga-3"},"content":{"rendered":"<p data-start=\"467\" data-end=\"725\">Nos graines de lin 100% naturelles sont un superaliment riche en fibres et en acides gras om\u00e9ga-3 essentiels. Elles contribuent \u00e0 soutenir la digestion et \u00e0 compl\u00e9ter une alimentation \u00e9quilibr\u00e9e, tout en apportant des nutriments indispensables pour la sant\u00e9.<\/p>\n<p data-start=\"727\" data-end=\"822\">Polyvalentes et faciles \u00e0 int\u00e9grer dans vos repas quotidiens, elles peuvent \u00eatre ajout\u00e9es \u00e0 :<\/p>\n<ul data-start=\"823\" data-end=\"978\">\n<li data-start=\"823\" data-end=\"860\">\n<p data-start=\"825\" data-end=\"860\">Yaourts et bols de petit-d\u00e9jeuner<\/p>\n<\/li>\n<li data-start=\"861\" data-end=\"887\">\n<p data-start=\"863\" data-end=\"887\">Smoothies et jus sant\u00e9<\/p>\n<\/li>\n<li data-start=\"888\" data-end=\"919\">\n<p data-start=\"890\" data-end=\"919\">Salades et plats \u00e9quilibr\u00e9s<\/p>\n<\/li>\n<li data-start=\"920\" data-end=\"942\">\n<p data-start=\"922\" data-end=\"942\">P\u00e2tisseries maison<\/p>\n<\/li>\n<li data-start=\"943\" data-end=\"978\">\n<p data-start=\"945\" data-end=\"978\">Pain et recettes de boulangerie<\/p>\n<\/li>\n<\/ul>\n<p data-start=\"980\" data-end=\"1028\">Pourquoi choisir les graines de lin NoixLuxe ?<\/p>\n<ul data-start=\"1029\" data-end=\"1237\">\n<li data-start=\"1029\" data-end=\"1070\">\n<p data-start=\"1031\" data-end=\"1070\">100% naturelles et de qualit\u00e9 premium<\/p>\n<\/li>\n<li data-start=\"1071\" data-end=\"1102\">\n<p data-start=\"1073\" data-end=\"1102\">Riches en fibres et om\u00e9ga-3<\/p>\n<\/li>\n<li data-start=\"1103\" data-end=\"1146\">\n<p data-start=\"1105\" data-end=\"1146\">Favorisent la digestion et le bien-\u00eatre<\/p>\n<\/li>\n<li data-start=\"1147\" data-end=\"1183\">\n<p data-start=\"1149\" data-end=\"1183\">Faciles \u00e0 consommer au quotidien<\/p>\n<\/li>\n<li data-start=\"1184\" data-end=\"1237\">\n<p data-start=\"1186\" data-end=\"1237\">Id\u00e9ales pour une alimentation saine et \u00e9quilibr\u00e9e<\/p>\n<\/li>\n<\/ul>\n<p data-start=\"1239\" data-end=\"1390\">Commandez vos graines de lin sur noixluxe.ma et profitez d\u2019un produit naturel pour enrichir vos repas tout en soutenant votre digestion et votre sant\u00e9.<\/p>","protected":false},"excerpt":{"rendered":"<p>D\u00e9couvrez nos graines de lin 100% naturelles, riches en fibres et om\u00e9ga-3. Id\u00e9ales pour favoriser la digestion et compl\u00e9ter une alimentation saine, elles se consomment facilement avec yaourts, smoothies, salades ou p\u00e2tisseries.<\/p>","protected":false},"featured_media":8457,"template":"","meta":{"site-sidebar-layout":"default","site-content-layout":"","ast-site-content-layout":"default","site-content-style":"default","site-sidebar-style":"default","ast-global-header-display":"","ast-banner-title-visibility":"","ast-main-header-display":"","ast-hfb-above-header-display":"","ast-hfb-below-header-display":"","ast-hfb-mobile-header-display":"","site-post-title":"","ast-breadcrumbs-content":"","ast-featured-img":"","footer-sml-layout":"","ast-disable-related-posts":"","theme-transparent-header-meta":"default","adv-header-id-meta":"","stick-header-meta":"","header-above-stick-meta":"","header-main-stick-meta":"","header-below-stick-meta":"","astra-migrate-meta-layouts":"set","ast-page-background-enabled":"default","ast-page-background-meta":{"desktop":{"background-color":"var(--ast-global-color-4)","background-image":"","background-repeat":"repeat","background-position":"center center","background-size":"auto","background-attachment":"scroll","background-type":"","background-media":"","overlay-type":"","overlay-color":"","overlay-opacity":"","overlay-gradient":""},"tablet":{"background-color":"","background-image":"","background-repeat":"repeat","background-position":"center center","background-size":"auto","background-attachment":"scroll","background-type":"","background-media":"","overlay-type":"","overlay-color":"","overlay-opacity":"","overlay-gradient":""},"mobile":{"background-color":"","background-image":"","background-repeat":"repeat","background-position":"center center","background-size":"auto","background-attachment":"scroll","background-type":"","background-media":"","overlay-type":"","overlay-color":"","overlay-opacity":"","overlay-gradient":""}},"ast-content-background-meta":{"desktop":{"background-color":"var(--ast-global-color-5)","background-image":"","background-repeat":"repeat","background-position":"center center","background-size":"auto","background-attachment":"scroll","background-type":"","background-media":"","overlay-type":"","overlay-color":"","overlay-opacity":"","overlay-gradient":""},"tablet":{"background-color":"var(--ast-global-color-5)","background-image":"","background-repeat":"repeat","background-position":"center center","background-size":"auto","background-attachment":"scroll","background-type":"","background-media":"","overlay-type":"","overlay-color":"","overlay-opacity":"","overlay-gradient":""},"mobile":{"background-color":"var(--ast-global-color-5)","background-image":"","background-repeat":"repeat","background-position":"center center","background-size":"auto","background-attachment":"scroll","background-type":"","background-media":"","overlay-type":"","overlay-color":"","overlay-opacity":"","overlay-gradient":""}}},"product_brand":[],"product_cat":[57],"product_tag":[],"class_list":{"0":"post-8563","1":"product","2":"type-product","3":"status-publish","4":"has-post-thumbnail","6":"product_cat-graines","7":"desktop-align-center","8":"tablet-align-center","9":"mobile-align-center","11":"first","12":"instock","13":"shipping-taxable","14":"purchasable","15":"product-type-simple"},"_links":{"self":[{"href":"https:\/\/noixluxe.ma\/ar\/wp-json\/wp\/v2\/product\/8563","targetHints":{"allow":["GET"]}}],"collection":[{"href":"https:\/\/noixluxe.ma\/ar\/wp-json\/wp\/v2\/product"}],"about":[{"href":"https:\/\/noixluxe.ma\/ar\/wp-json\/wp\/v2\/types\/product"}],"version-history":[{"count":3,"href":"https:\/\/noixluxe.ma\/ar\/wp-json\/wp\/v2\/product\/8563\/revisions"}],"predecessor-version":[{"id":8665,"href":"https:\/\/noixluxe.ma\/ar\/wp-json\/wp\/v2\/product\/8563\/revisions\/8665"}],"wp:featuredmedia":[{"embeddable":true,"href":"https:\/\/noixluxe.ma\/ar\/wp-json\/wp\/v2\/media\/8457"}],"wp:attachment":[{"href":"https:\/\/noixluxe.ma\/ar\/wp-json\/wp\/v2\/media?parent=8563"}],"wp:term":[{"taxonomy":"product_brand","embeddable":true,"href":"https:\/\/noixluxe.ma\/ar\/wp-json\/wp\/v2\/product_brand?post=8563"},{"taxonomy":"product_cat","embeddable":true,"href":"https:\/\/noixluxe.ma\/ar\/wp-json\/wp\/v2\/product_cat?post=8563"},{"taxonomy":"product_tag","embeddable":true,"href":"https:\/\/noixluxe.ma\/ar\/wp-json\/wp\/v2\/product_tag?post=8563"}],"curies":[{"name":"wp","href":"https:\/\/api.w.org\/{rel}","templated":true}]}}